{"id":241,"date":"2026-04-11T09:34:52","date_gmt":"2026-04-11T09:34:52","guid":{"rendered":"https:\/\/keramor.com.cy\/?page_id=241"},"modified":"2026-04-11T14:03:29","modified_gmt":"2026-04-11T14:03:29","slug":"shop-online","status":"publish","type":"page","link":"https:\/\/keramor.com.cy\/index.php\/shop-online\/","title":{"rendered":"Shop Online"},"content":{"rendered":"<p style=\"text-align: justify;\"><img loading=\"lazy\" decoding=\"async\" class=\"alignleft wp-image-254 size-large\" src=\"https:\/\/keramor.com.cy\/wp-content\/uploads\/2026\/04\/C6936A18-367A-4B3D-8D5E-3ED68FBD3DFD-1-1024x683.png\" alt=\"\" width=\"584\" height=\"390\" srcset=\"https:\/\/keramor.com.cy\/wp-content\/uploads\/2026\/04\/C6936A18-367A-4B3D-8D5E-3ED68FBD3DFD-1-1024x683.png 1024w, https:\/\/keramor.com.cy\/wp-content\/uploads\/2026\/04\/C6936A18-367A-4B3D-8D5E-3ED68FBD3DFD-1-300x200.png 300w, https:\/\/keramor.com.cy\/wp-content\/uploads\/2026\/04\/C6936A18-367A-4B3D-8D5E-3ED68FBD3DFD-1-768x512.png 768w, https:\/\/keramor.com.cy\/wp-content\/uploads\/2026\/04\/C6936A18-367A-4B3D-8D5E-3ED68FBD3DFD-1-450x300.png 450w, https:\/\/keramor.com.cy\/wp-content\/uploads\/2026\/04\/C6936A18-367A-4B3D-8D5E-3ED68FBD3DFD-1.png 1536w\" sizes=\"auto, (max-width: 584px) 100vw, 584px\" \/><span style=\"text-align: justify;\">Brakuje Ci polskich smak\u00f3w na Cyprze? Teraz masz je na wyci\u0105gni\u0119cie r\u0119ki. W naszym sklepie online znajdziesz oryginalne polskie produkty \u2013 od klasycznych s\u0142odyczy, przez tradycyjne przetwory, a\u017c po dobrze znane smaki, kt\u00f3re przypominaj\u0105 dom.<\/span><\/p>\n<p style=\"text-align: justify;\">Zamawiasz wygodnie online, a my dostarczamy na terenie ca\u0142ego Cypru \u2013 szybko i bezproblemowo. Nie musisz ju\u017c szuka\u0107 zamiennik\u00f3w. Wybierz to, co naprawd\u0119 znasz i lubisz. Poczuj smak Polski, gdziekolwiek jeste\u015b.<\/p>\n<p style=\"text-align: justify;\">Regularnie uzupe\u0142niamy asortyment, dzi\u0119ki czemu zawsze znajdziesz co\u015b nowego i \u015bwie\u017cego. Dbamy o jako\u015b\u0107 i autentyczno\u015b\u0107 produkt\u00f3w, wsp\u00f3\u0142pracuj\u0105c tylko ze sprawdzonymi dostawcami. To idealne rozwi\u0105zanie zar\u00f3wno na co dzie\u0144, jak i na wyj\u0105tkowe okazje. Sprawd\u017a ofert\u0119 i przekonaj si\u0119, jak \u0142atwo mie\u0107 kawa\u0142ek Polski u siebie.<\/p>\n<div style=\"text-align: center;\"><a style=\"display: inline-block; padding: 14px 24px; background: #808080; color: #fff; text-decoration: none; font-weight: bold; border-radius: 6px;\" href=\"https:\/\/keramor.com.cy\/shop\">Shop Online<br \/>\n<\/a><\/div>\n<div><\/div>\n<div><\/div>\n<div><\/div>\n<div><\/div>\n","protected":false},"excerpt":{"rendered":"<p>Brakuje Ci polskich smak\u00f3w na Cyprze? Teraz masz je na wyci\u0105gni\u0119cie r\u0119ki. W naszym sklepie online znajdziesz oryginalne polskie produkty \u2013 od klasycznych s\u0142odyczy, przez tradycyjne przetwory, a\u017c po dobrze znane smaki, kt\u00f3re przypominaj\u0105 dom. Zamawiasz wygodnie online, a my &hellip; <a href=\"https:\/\/keramor.com.cy\/index.php\/shop-online\/\">Czytaj dalej <span class=\"meta-nav\">&rarr;<\/span><\/a><\/p>\n","protected":false},"author":1,"featured_media":0,"parent":0,"menu_order":3,"comment_status":"closed","ping_status":"closed","template":"","meta":{"footnotes":""},"class_list":["post-241","page","type-page","status-publish","hentry"],"_links":{"self":[{"href":"https:\/\/keramor.com.cy\/index.php\/wp-json\/wp\/v2\/pages\/241","targetHints":{"allow":["GET"]}}],"collection":[{"href":"https:\/\/keramor.com.cy\/index.php\/wp-json\/wp\/v2\/pages"}],"about":[{"href":"https:\/\/keramor.com.cy\/index.php\/wp-json\/wp\/v2\/types\/page"}],"author":[{"embeddable":true,"href":"https:\/\/keramor.com.cy\/index.php\/wp-json\/wp\/v2\/users\/1"}],"replies":[{"embeddable":true,"href":"https:\/\/keramor.com.cy\/index.php\/wp-json\/wp\/v2\/comments?post=241"}],"version-history":[{"count":10,"href":"https:\/\/keramor.com.cy\/index.php\/wp-json\/wp\/v2\/pages\/241\/revisions"}],"predecessor-version":[{"id":257,"href":"https:\/\/keramor.com.cy\/index.php\/wp-json\/wp\/v2\/pages\/241\/revisions\/257"}],"wp:attachment":[{"href":"https:\/\/keramor.com.cy\/index.php\/wp-json\/wp\/v2\/media?parent=241"}],"curies":[{"name":"wp","href":"https:\/\/api.w.org\/{rel}","templated":true}]}}